{"id":1171,"date":"2023-07-22T12:56:09","date_gmt":"2023-07-22T12:56:09","guid":{"rendered":"https:\/\/www.junglemonkeyz.lt\/?page_id=1171"},"modified":"2025-09-19T08:44:08","modified_gmt":"2025-09-19T08:44:08","slug":"salygos-ir-nuostatos","status":"publish","type":"page","link":"https:\/\/www.junglemonkeyz.lt\/en\/salygos-ir-nuostatos\/","title":{"rendered":"Terms &amp; Conditions"},"content":{"rendered":"","protected":false},"excerpt":{"rendered":"","protected":false},"author":1,"featured_media":0,"parent":0,"menu_order":0,"comment_status":"closed","ping_status":"closed","template":"","meta":{"inline_featured_image":false,"footnotes":""},"class_list":["post-1171","page","type-page","status-publish","hentry"],"yoast_head":"<!-- This site is optimized with the Yoast SEO plugin v26.8 - https:\/\/yoast.com\/product\/yoast-seo-wordpress\/ -->\n<title>S\u0105lygos ir Nuostatos | Jungle Monkeyz Adventure Golf<\/title>\n<meta name=\"description\" content=\"Susipa\u017einkite su Jungle Monkeyz Adventure Golf s\u0105lygomis ir nuostatomis - b\u016bkite informuoti apie m\u016bs\u0173 \u012fsipareigojimus ir j\u016bs\u0173 teises.\" \/>\n<meta name=\"robots\" content=\"noindex, nofollow\" \/>\n<meta property=\"og:locale\" content=\"en_US\" \/>\n<meta property=\"og:type\" content=\"article\" \/>\n<meta property=\"og:title\" content=\"S\u0105lygos ir Nuostatos | Jungle Monkeyz Adventure Golf\" \/>\n<meta property=\"og:description\" content=\"Susipa\u017einkite su Jungle Monkeyz Adventure Golf s\u0105lygomis ir nuostatomis - b\u016bkite informuoti apie m\u016bs\u0173 \u012fsipareigojimus ir j\u016bs\u0173 teises.\" \/>\n<meta property=\"og:url\" content=\"https:\/\/www.junglemonkeyz.lt\/en\/salygos-ir-nuostatos\/\" \/>\n<meta property=\"og:site_name\" content=\"Jungle Monkeyz\" \/>\n<meta property=\"article:publisher\" content=\"https:\/\/www.facebook.com\/junglemonkeyzadventuregolf\" \/>\n<meta property=\"article:modified_time\" content=\"2025-09-19T08:44:08+00:00\" \/>\n<meta name=\"twitter:card\" content=\"summary_large_image\" \/>\n<script type=\"application\/ld+json\" class=\"yoast-schema-graph\">{\"@context\":\"https:\/\/schema.org\",\"@graph\":[{\"@type\":\"WebPage\",\"@id\":\"https:\/\/www.junglemonkeyz.lt\/salygos-ir-nuostatos\/\",\"url\":\"https:\/\/www.junglemonkeyz.lt\/salygos-ir-nuostatos\/\",\"name\":\"S\u0105lygos ir Nuostatos | Jungle Monkeyz Adventure Golf\",\"isPartOf\":{\"@id\":\"https:\/\/www.junglemonkeyz.lt\/#website\"},\"datePublished\":\"2023-07-22T12:56:09+00:00\",\"dateModified\":\"2025-09-19T08:44:08+00:00\",\"description\":\"Susipa\u017einkite su Jungle Monkeyz Adventure Golf s\u0105lygomis ir nuostatomis - b\u016bkite informuoti apie m\u016bs\u0173 \u012fsipareigojimus ir j\u016bs\u0173 teises.\",\"breadcrumb\":{\"@id\":\"https:\/\/www.junglemonkeyz.lt\/salygos-ir-nuostatos\/#breadcrumb\"},\"inLanguage\":\"en-US\",\"potentialAction\":[{\"@type\":\"ReadAction\",\"target\":[\"https:\/\/www.junglemonkeyz.lt\/salygos-ir-nuostatos\/\"]}]},{\"@type\":\"BreadcrumbList\",\"@id\":\"https:\/\/www.junglemonkeyz.lt\/salygos-ir-nuostatos\/#breadcrumb\",\"itemListElement\":[{\"@type\":\"ListItem\",\"position\":1,\"name\":\"Home\",\"item\":\"https:\/\/www.junglemonkeyz.lt\/\"},{\"@type\":\"ListItem\",\"position\":2,\"name\":\"S\u0105lygos ir Nuostatos\"}]},{\"@type\":\"WebSite\",\"@id\":\"https:\/\/www.junglemonkeyz.lt\/#website\",\"url\":\"https:\/\/www.junglemonkeyz.lt\/\",\"name\":\"Jungle Monkeyz Adventure Golf\",\"description\":\"\",\"publisher\":{\"@id\":\"https:\/\/www.junglemonkeyz.lt\/#organization\"},\"potentialAction\":[{\"@type\":\"SearchAction\",\"target\":{\"@type\":\"EntryPoint\",\"urlTemplate\":\"https:\/\/www.junglemonkeyz.lt\/?s={search_term_string}\"},\"query-input\":{\"@type\":\"PropertyValueSpecification\",\"valueRequired\":true,\"valueName\":\"search_term_string\"}}],\"inLanguage\":\"en-US\"},{\"@type\":\"Organization\",\"@id\":\"https:\/\/www.junglemonkeyz.lt\/#organization\",\"name\":\"Jungle Monkeyz Adventure Golf\",\"alternateName\":\"Jungle Monkeyz\",\"url\":\"https:\/\/www.junglemonkeyz.lt\/\",\"logo\":{\"@type\":\"ImageObject\",\"inLanguage\":\"en-US\",\"@id\":\"https:\/\/www.junglemonkeyz.lt\/#\/schema\/logo\/image\/\",\"url\":\"https:\/\/www.junglemonkeyz.lt\/wp-content\/uploads\/2023\/07\/Artboard-3logos.png\",\"contentUrl\":\"https:\/\/www.junglemonkeyz.lt\/wp-content\/uploads\/2023\/07\/Artboard-3logos.png\",\"width\":953,\"height\":641,\"caption\":\"Jungle Monkeyz Adventure Golf\"},\"image\":{\"@id\":\"https:\/\/www.junglemonkeyz.lt\/#\/schema\/logo\/image\/\"},\"sameAs\":[\"https:\/\/www.facebook.com\/junglemonkeyzadventuregolf\"]}]}<\/script>\n<!-- \/ Yoast SEO plugin. -->","yoast_head_json":{"title":"S\u0105lygos ir Nuostatos | Jungle Monkeyz Adventure Golf","description":"Susipa\u017einkite su Jungle Monkeyz Adventure Golf s\u0105lygomis ir nuostatomis - b\u016bkite informuoti apie m\u016bs\u0173 \u012fsipareigojimus ir j\u016bs\u0173 teises.","robots":{"index":"noindex","follow":"nofollow"},"og_locale":"en_US","og_type":"article","og_title":"S\u0105lygos ir Nuostatos | Jungle Monkeyz Adventure Golf","og_description":"Susipa\u017einkite su Jungle Monkeyz Adventure Golf s\u0105lygomis ir nuostatomis - b\u016bkite informuoti apie m\u016bs\u0173 \u012fsipareigojimus ir j\u016bs\u0173 teises.","og_url":"https:\/\/www.junglemonkeyz.lt\/en\/salygos-ir-nuostatos\/","og_site_name":"Jungle Monkeyz","article_publisher":"https:\/\/www.facebook.com\/junglemonkeyzadventuregolf","article_modified_time":"2025-09-19T08:44:08+00:00","twitter_card":"summary_large_image","schema":{"@context":"https:\/\/schema.org","@graph":[{"@type":"WebPage","@id":"https:\/\/www.junglemonkeyz.lt\/salygos-ir-nuostatos\/","url":"https:\/\/www.junglemonkeyz.lt\/salygos-ir-nuostatos\/","name":"S\u0105lygos ir Nuostatos | Jungle Monkeyz Adventure Golf","isPartOf":{"@id":"https:\/\/www.junglemonkeyz.lt\/#website"},"datePublished":"2023-07-22T12:56:09+00:00","dateModified":"2025-09-19T08:44:08+00:00","description":"Susipa\u017einkite su Jungle Monkeyz Adventure Golf s\u0105lygomis ir nuostatomis - b\u016bkite informuoti apie m\u016bs\u0173 \u012fsipareigojimus ir j\u016bs\u0173 teises.","breadcrumb":{"@id":"https:\/\/www.junglemonkeyz.lt\/salygos-ir-nuostatos\/#breadcrumb"},"inLanguage":"en-US","potentialAction":[{"@type":"ReadAction","target":["https:\/\/www.junglemonkeyz.lt\/salygos-ir-nuostatos\/"]}]},{"@type":"BreadcrumbList","@id":"https:\/\/www.junglemonkeyz.lt\/salygos-ir-nuostatos\/#breadcrumb","itemListElement":[{"@type":"ListItem","position":1,"name":"Home","item":"https:\/\/www.junglemonkeyz.lt\/"},{"@type":"ListItem","position":2,"name":"S\u0105lygos ir Nuostatos"}]},{"@type":"WebSite","@id":"https:\/\/www.junglemonkeyz.lt\/#website","url":"https:\/\/www.junglemonkeyz.lt\/","name":"Jungle Monkeyz Adventure Golf","description":"","publisher":{"@id":"https:\/\/www.junglemonkeyz.lt\/#organization"},"potentialAction":[{"@type":"SearchAction","target":{"@type":"EntryPoint","urlTemplate":"https:\/\/www.junglemonkeyz.lt\/?s={search_term_string}"},"query-input":{"@type":"PropertyValueSpecification","valueRequired":true,"valueName":"search_term_string"}}],"inLanguage":"en-US"},{"@type":"Organization","@id":"https:\/\/www.junglemonkeyz.lt\/#organization","name":"Jungle Monkeyz Adventure Golf","alternateName":"Jungle Monkeyz","url":"https:\/\/www.junglemonkeyz.lt\/","logo":{"@type":"ImageObject","inLanguage":"en-US","@id":"https:\/\/www.junglemonkeyz.lt\/#\/schema\/logo\/image\/","url":"https:\/\/www.junglemonkeyz.lt\/wp-content\/uploads\/2023\/07\/Artboard-3logos.png","contentUrl":"https:\/\/www.junglemonkeyz.lt\/wp-content\/uploads\/2023\/07\/Artboard-3logos.png","width":953,"height":641,"caption":"Jungle Monkeyz Adventure Golf"},"image":{"@id":"https:\/\/www.junglemonkeyz.lt\/#\/schema\/logo\/image\/"},"sameAs":["https:\/\/www.facebook.com\/junglemonkeyzadventuregolf"]}]}},"_links":{"self":[{"href":"https:\/\/www.junglemonkeyz.lt\/en\/wp-json\/wp\/v2\/pages\/1171","targetHints":{"allow":["GET"]}}],"collection":[{"href":"https:\/\/www.junglemonkeyz.lt\/en\/wp-json\/wp\/v2\/pages"}],"about":[{"href":"https:\/\/www.junglemonkeyz.lt\/en\/wp-json\/wp\/v2\/types\/page"}],"author":[{"embeddable":true,"href":"https:\/\/www.junglemonkeyz.lt\/en\/wp-json\/wp\/v2\/users\/1"}],"replies":[{"embeddable":true,"href":"https:\/\/www.junglemonkeyz.lt\/en\/wp-json\/wp\/v2\/comments?post=1171"}],"version-history":[{"count":3,"href":"https:\/\/www.junglemonkeyz.lt\/en\/wp-json\/wp\/v2\/pages\/1171\/revisions"}],"predecessor-version":[{"id":3691,"href":"https:\/\/www.junglemonkeyz.lt\/en\/wp-json\/wp\/v2\/pages\/1171\/revisions\/3691"}],"wp:attachment":[{"href":"https:\/\/www.junglemonkeyz.lt\/en\/wp-json\/wp\/v2\/media?parent=1171"}],"curies":[{"name":"wp","href":"https:\/\/api.w.org\/{rel}","templated":true}]}}