{"id":241,"date":"2023-07-13T07:19:32","date_gmt":"2023-07-13T07:19:32","guid":{"rendered":"https:\/\/www.junglemonkeyz.lt\/?page_id=241"},"modified":"2025-09-19T08:41:52","modified_gmt":"2025-09-19T08:41:52","slug":"apie-mus","status":"publish","type":"page","link":"https:\/\/www.junglemonkeyz.lt\/en\/apie-mus\/","title":{"rendered":"About Us"},"content":{"rendered":"","protected":false},"excerpt":{"rendered":"","protected":false},"author":1,"featured_media":0,"parent":0,"menu_order":0,"comment_status":"closed","ping_status":"closed","template":"","meta":{"inline_featured_image":false,"footnotes":""},"class_list":["post-241","page","type-page","status-publish","hentry"],"yoast_head":"<!-- This site is optimized with the Yoast SEO plugin v26.8 - https:\/\/yoast.com\/product\/yoast-seo-wordpress\/ -->\n<title>Apie Mus - Mini Golfo Komand\u0105 | Jungle Monkeyz Adventure Golf<\/title>\n<meta name=\"description\" content=\"Su\u017einok apie mus ir Adventure mini golfo Kaune atsiradimo istorij\u0105 bei Jungle Monkeyz Adventure Golf vertybes, siekius ir ateities tikslus.\" \/>\n<meta name=\"robots\" content=\"index, follow, max-snippet:-1, max-image-preview:large, max-video-preview:-1\" \/>\n<link rel=\"canonical\" href=\"https:\/\/www.junglemonkeyz.lt\/en\/apie-mus\/\" \/>\n<meta property=\"og:locale\" content=\"en_US\" \/>\n<meta property=\"og:type\" content=\"article\" \/>\n<meta property=\"og:title\" content=\"Apie Mus - Mini Golfo Komand\u0105 | Jungle Monkeyz Adventure Golf\" \/>\n<meta property=\"og:description\" content=\"Su\u017einok apie mus ir Adventure mini golfo Kaune atsiradimo istorij\u0105 bei Jungle Monkeyz Adventure Golf vertybes, siekius ir ateities tikslus.\" \/>\n<meta property=\"og:url\" content=\"https:\/\/www.junglemonkeyz.lt\/en\/apie-mus\/\" \/>\n<meta property=\"og:site_name\" content=\"Jungle Monkeyz\" \/>\n<meta property=\"article:publisher\" content=\"https:\/\/www.facebook.com\/junglemonkeyzadventuregolf\" \/>\n<meta property=\"article:modified_time\" content=\"2025-09-19T08:41:52+00:00\" \/>\n<meta name=\"twitter:card\" content=\"summary_large_image\" \/>\n<script type=\"application\/ld+json\" class=\"yoast-schema-graph\">{\"@context\":\"https:\/\/schema.org\",\"@graph\":[{\"@type\":\"WebPage\",\"@id\":\"https:\/\/www.junglemonkeyz.lt\/apie-mus\/\",\"url\":\"https:\/\/www.junglemonkeyz.lt\/apie-mus\/\",\"name\":\"Apie Mus - Mini Golfo Komand\u0105 | Jungle Monkeyz Adventure Golf\",\"isPartOf\":{\"@id\":\"https:\/\/www.junglemonkeyz.lt\/#website\"},\"datePublished\":\"2023-07-13T07:19:32+00:00\",\"dateModified\":\"2025-09-19T08:41:52+00:00\",\"description\":\"Su\u017einok apie mus ir Adventure mini golfo Kaune atsiradimo istorij\u0105 bei Jungle Monkeyz Adventure Golf vertybes, siekius ir ateities tikslus.\",\"breadcrumb\":{\"@id\":\"https:\/\/www.junglemonkeyz.lt\/apie-mus\/#breadcrumb\"},\"inLanguage\":\"en-US\",\"potentialAction\":[{\"@type\":\"ReadAction\",\"target\":[\"https:\/\/www.junglemonkeyz.lt\/apie-mus\/\"]}]},{\"@type\":\"BreadcrumbList\",\"@id\":\"https:\/\/www.junglemonkeyz.lt\/apie-mus\/#breadcrumb\",\"itemListElement\":[{\"@type\":\"ListItem\",\"position\":1,\"name\":\"Home\",\"item\":\"https:\/\/www.junglemonkeyz.lt\/\"},{\"@type\":\"ListItem\",\"position\":2,\"name\":\"Apie mus\"}]},{\"@type\":\"WebSite\",\"@id\":\"https:\/\/www.junglemonkeyz.lt\/#website\",\"url\":\"https:\/\/www.junglemonkeyz.lt\/\",\"name\":\"Jungle Monkeyz Adventure Golf\",\"description\":\"\",\"publisher\":{\"@id\":\"https:\/\/www.junglemonkeyz.lt\/#organization\"},\"potentialAction\":[{\"@type\":\"SearchAction\",\"target\":{\"@type\":\"EntryPoint\",\"urlTemplate\":\"https:\/\/www.junglemonkeyz.lt\/?s={search_term_string}\"},\"query-input\":{\"@type\":\"PropertyValueSpecification\",\"valueRequired\":true,\"valueName\":\"search_term_string\"}}],\"inLanguage\":\"en-US\"},{\"@type\":\"Organization\",\"@id\":\"https:\/\/www.junglemonkeyz.lt\/#organization\",\"name\":\"Jungle Monkeyz Adventure Golf\",\"alternateName\":\"Jungle Monkeyz\",\"url\":\"https:\/\/www.junglemonkeyz.lt\/\",\"logo\":{\"@type\":\"ImageObject\",\"inLanguage\":\"en-US\",\"@id\":\"https:\/\/www.junglemonkeyz.lt\/#\/schema\/logo\/image\/\",\"url\":\"https:\/\/www.junglemonkeyz.lt\/wp-content\/uploads\/2023\/07\/Artboard-3logos.png\",\"contentUrl\":\"https:\/\/www.junglemonkeyz.lt\/wp-content\/uploads\/2023\/07\/Artboard-3logos.png\",\"width\":953,\"height\":641,\"caption\":\"Jungle Monkeyz Adventure Golf\"},\"image\":{\"@id\":\"https:\/\/www.junglemonkeyz.lt\/#\/schema\/logo\/image\/\"},\"sameAs\":[\"https:\/\/www.facebook.com\/junglemonkeyzadventuregolf\"]}]}<\/script>\n<!-- \/ Yoast SEO plugin. -->","yoast_head_json":{"title":"Apie Mus - Mini Golfo Komand\u0105 | Jungle Monkeyz Adventure Golf","description":"Su\u017einok apie mus ir Adventure mini golfo Kaune atsiradimo istorij\u0105 bei Jungle Monkeyz Adventure Golf vertybes, siekius ir ateities tikslus.","robots":{"index":"index","follow":"follow","max-snippet":"max-snippet:-1","max-image-preview":"max-image-preview:large","max-video-preview":"max-video-preview:-1"},"canonical":"https:\/\/www.junglemonkeyz.lt\/en\/apie-mus\/","og_locale":"en_US","og_type":"article","og_title":"Apie Mus - Mini Golfo Komand\u0105 | Jungle Monkeyz Adventure Golf","og_description":"Su\u017einok apie mus ir Adventure mini golfo Kaune atsiradimo istorij\u0105 bei Jungle Monkeyz Adventure Golf vertybes, siekius ir ateities tikslus.","og_url":"https:\/\/www.junglemonkeyz.lt\/en\/apie-mus\/","og_site_name":"Jungle Monkeyz","article_publisher":"https:\/\/www.facebook.com\/junglemonkeyzadventuregolf","article_modified_time":"2025-09-19T08:41:52+00:00","twitter_card":"summary_large_image","schema":{"@context":"https:\/\/schema.org","@graph":[{"@type":"WebPage","@id":"https:\/\/www.junglemonkeyz.lt\/apie-mus\/","url":"https:\/\/www.junglemonkeyz.lt\/apie-mus\/","name":"Apie Mus - Mini Golfo Komand\u0105 | Jungle Monkeyz Adventure Golf","isPartOf":{"@id":"https:\/\/www.junglemonkeyz.lt\/#website"},"datePublished":"2023-07-13T07:19:32+00:00","dateModified":"2025-09-19T08:41:52+00:00","description":"Su\u017einok apie mus ir Adventure mini golfo Kaune atsiradimo istorij\u0105 bei Jungle Monkeyz Adventure Golf vertybes, siekius ir ateities tikslus.","breadcrumb":{"@id":"https:\/\/www.junglemonkeyz.lt\/apie-mus\/#breadcrumb"},"inLanguage":"en-US","potentialAction":[{"@type":"ReadAction","target":["https:\/\/www.junglemonkeyz.lt\/apie-mus\/"]}]},{"@type":"BreadcrumbList","@id":"https:\/\/www.junglemonkeyz.lt\/apie-mus\/#breadcrumb","itemListElement":[{"@type":"ListItem","position":1,"name":"Home","item":"https:\/\/www.junglemonkeyz.lt\/"},{"@type":"ListItem","position":2,"name":"Apie mus"}]},{"@type":"WebSite","@id":"https:\/\/www.junglemonkeyz.lt\/#website","url":"https:\/\/www.junglemonkeyz.lt\/","name":"Jungle Monkeyz Adventure Golf","description":"","publisher":{"@id":"https:\/\/www.junglemonkeyz.lt\/#organization"},"potentialAction":[{"@type":"SearchAction","target":{"@type":"EntryPoint","urlTemplate":"https:\/\/www.junglemonkeyz.lt\/?s={search_term_string}"},"query-input":{"@type":"PropertyValueSpecification","valueRequired":true,"valueName":"search_term_string"}}],"inLanguage":"en-US"},{"@type":"Organization","@id":"https:\/\/www.junglemonkeyz.lt\/#organization","name":"Jungle Monkeyz Adventure Golf","alternateName":"Jungle Monkeyz","url":"https:\/\/www.junglemonkeyz.lt\/","logo":{"@type":"ImageObject","inLanguage":"en-US","@id":"https:\/\/www.junglemonkeyz.lt\/#\/schema\/logo\/image\/","url":"https:\/\/www.junglemonkeyz.lt\/wp-content\/uploads\/2023\/07\/Artboard-3logos.png","contentUrl":"https:\/\/www.junglemonkeyz.lt\/wp-content\/uploads\/2023\/07\/Artboard-3logos.png","width":953,"height":641,"caption":"Jungle Monkeyz Adventure Golf"},"image":{"@id":"https:\/\/www.junglemonkeyz.lt\/#\/schema\/logo\/image\/"},"sameAs":["https:\/\/www.facebook.com\/junglemonkeyzadventuregolf"]}]}},"_links":{"self":[{"href":"https:\/\/www.junglemonkeyz.lt\/en\/wp-json\/wp\/v2\/pages\/241","targetHints":{"allow":["GET"]}}],"collection":[{"href":"https:\/\/www.junglemonkeyz.lt\/en\/wp-json\/wp\/v2\/pages"}],"about":[{"href":"https:\/\/www.junglemonkeyz.lt\/en\/wp-json\/wp\/v2\/types\/page"}],"author":[{"embeddable":true,"href":"https:\/\/www.junglemonkeyz.lt\/en\/wp-json\/wp\/v2\/users\/1"}],"replies":[{"embeddable":true,"href":"https:\/\/www.junglemonkeyz.lt\/en\/wp-json\/wp\/v2\/comments?post=241"}],"version-history":[{"count":11,"href":"https:\/\/www.junglemonkeyz.lt\/en\/wp-json\/wp\/v2\/pages\/241\/revisions"}],"predecessor-version":[{"id":3685,"href":"https:\/\/www.junglemonkeyz.lt\/en\/wp-json\/wp\/v2\/pages\/241\/revisions\/3685"}],"wp:attachment":[{"href":"https:\/\/www.junglemonkeyz.lt\/en\/wp-json\/wp\/v2\/media?parent=241"}],"curies":[{"name":"wp","href":"https:\/\/api.w.org\/{rel}","templated":true}]}}